{"id":9,"date":"2022-06-12T17:08:53","date_gmt":"2022-06-12T17:08:53","guid":{"rendered":"http:\/\/azrxgei.cluster030.hosting.ovh.net\/?page_id=9"},"modified":"2023-03-12T23:07:56","modified_gmt":"2023-03-12T22:07:56","slug":"contact","status":"publish","type":"page","link":"https:\/\/parafia-jezowsudecki.pl\/index.php\/contact\/","title":{"rendered":"Kontakt"},"content":{"rendered":"\n<div class=\"wp-block-cover alignfull is-light\" style=\"min-height:420px;aspect-ratio:unset;\"><span aria-hidden=\"true\" class=\"wp-block-cover__background has-white-background-color has-background-dim-100 has-background-dim\"><\/span><div class=\"wp-block-cover__inner-container is-layout-flow wp-block-cover-is-layout-flow\">\n<div style=\"height:80px\" aria-hidden=\"true\" class=\"wp-block-spacer\"><\/div>\n\n\n\n<div class=\"wp-block-columns is-layout-flex wp-container-core-columns-is-layout-9d6595d7 wp-block-columns-is-layout-flex\">\n<div class=\"wp-block-column is-layout-flow wp-block-column-is-layout-flow\">\n<div style=\"height:24px\" aria-hidden=\"true\" class=\"wp-block-spacer\"><\/div>\n\n\n<div class=\"wp-block-image icon-style is-style-rounded\">\n<figure class=\"aligncenter is-resized\"><img decoding=\"async\" data-src=\"http:\/\/azrxgei.cluster030.hosting.ovh.net\/wp-content\/themes\/neve\/assets\/img\/starter-content\/icon-05.svg\" alt=\"\" width=\"48\" height=\"48\" src=\"data:image\/svg+xml;base64,PHN2ZyB3aWR0aD0iMSIgaGVpZ2h0PSIxIiB4bWxucz0iaHR0cDovL3d3dy53My5vcmcvMjAwMC9zdmciPjwvc3ZnPg==\" class=\"lazyload\" style=\"--smush-placeholder-width: 48px; --smush-placeholder-aspect-ratio: 48\/48;\" \/><\/figure>\n<\/div>\n\n\n<h3 class=\"has-text-align-center has-neve-text-color-color has-text-color wp-block-heading\">Telefon<\/h3>\n\n\n\n<p class=\"has-text-align-center has-neve-text-color-color has-text-color\" style=\"font-size:15px\">+48 75 713 22 53<\/p>\n<\/div>\n\n\n\n<div class=\"wp-block-column is-layout-flow wp-block-column-is-layout-flow\">\n<div style=\"height:24px\" aria-hidden=\"true\" class=\"wp-block-spacer\"><\/div>\n\n\n<div class=\"wp-block-image icon-style is-style-rounded\">\n<figure class=\"aligncenter is-resized\"><img decoding=\"async\" data-src=\"http:\/\/azrxgei.cluster030.hosting.ovh.net\/wp-content\/themes\/neve\/assets\/img\/starter-content\/icon-06.svg\" alt=\"\" width=\"48\" height=\"48\" src=\"data:image\/svg+xml;base64,PHN2ZyB3aWR0aD0iMSIgaGVpZ2h0PSIxIiB4bWxucz0iaHR0cDovL3d3dy53My5vcmcvMjAwMC9zdmciPjwvc3ZnPg==\" class=\"lazyload\" style=\"--smush-placeholder-width: 48px; --smush-placeholder-aspect-ratio: 48\/48;\" \/><\/figure>\n<\/div>\n\n\n<h3 class=\"has-text-align-center has-neve-text-color-color has-text-color wp-block-heading\">Email<\/h3>\n\n\n\n<p class=\"has-text-align-center has-neve-text-color-color has-text-color\" style=\"font-size:15px\"><a href=\"mailto:parafia-jezow@wp.pl\">parafia-jezow@wp.pl<\/a><\/p>\n<\/div>\n\n\n\n<div class=\"wp-block-column is-layout-flow wp-block-column-is-layout-flow\">\n<div style=\"height:24px\" aria-hidden=\"true\" class=\"wp-block-spacer\"><\/div>\n\n\n<div class=\"wp-block-image icon-style is-style-rounded\">\n<figure class=\"aligncenter is-resized\"><img decoding=\"async\" data-src=\"http:\/\/azrxgei.cluster030.hosting.ovh.net\/wp-content\/themes\/neve\/assets\/img\/starter-content\/icon-04.svg\" alt=\"\" width=\"48\" height=\"48\" src=\"data:image\/svg+xml;base64,PHN2ZyB3aWR0aD0iMSIgaGVpZ2h0PSIxIiB4bWxucz0iaHR0cDovL3d3dy53My5vcmcvMjAwMC9zdmciPjwvc3ZnPg==\" class=\"lazyload\" style=\"--smush-placeholder-width: 48px; --smush-placeholder-aspect-ratio: 48\/48;\" \/><\/figure>\n<\/div>\n\n\n<h3 class=\"has-text-align-center has-neve-text-color-color has-text-color wp-block-heading\">Lokalizacja<\/h3>\n\n\n\n<p class=\"has-text-align-center has-neve-text-color-color has-text-color\" style=\"font-size:15px\">ul. Boczna 6<br> 58-521 Je\u017c\u00f3w Sudecki<\/p>\n<\/div>\n<\/div>\n\n\n\n<div class=\"wp-block-columns is-layout-flex wp-container-core-columns-is-layout-9d6595d7 wp-block-columns-is-layout-flex\">\n<div class=\"wp-block-column is-layout-flow wp-block-column-is-layout-flow\" style=\"flex-basis:100%\">\n<h5 class=\"has-text-align-center wp-block-heading\">Nr konta:   80 1090 1926 0000 0001 0684 3127<\/h5>\n\n\n\n<p class=\"has-text-align-center\">administrator strony:  <a href=\"mailto:administrator@parafia-jezowsudecki.pl\">administrator@parafia-jezowsudecki.pl<\/a><\/p>\n<\/div>\n<\/div>\n<\/div><\/div>\n\n\n<div class=\"wp-block-image\">\n<figure class=\"aligncenter size-large\"><img decoding=\"async\" width=\"1024\" height=\"583\" data-src=\"https:\/\/parafia-jezowsudecki.pl\/wp-content\/uploads\/2023\/03\/1-1024x583.jpg\" alt=\"\" class=\"wp-image-858 lazyload\" data-srcset=\"https:\/\/parafia-jezowsudecki.pl\/wp-content\/uploads\/2023\/03\/1-1024x583.jpg 1024w, https:\/\/parafia-jezowsudecki.pl\/wp-content\/uploads\/2023\/03\/1-300x171.jpg 300w, https:\/\/parafia-jezowsudecki.pl\/wp-content\/uploads\/2023\/03\/1-768x437.jpg 768w, https:\/\/parafia-jezowsudecki.pl\/wp-content\/uploads\/2023\/03\/1-1536x875.jpg 1536w, https:\/\/parafia-jezowsudecki.pl\/wp-content\/uploads\/2023\/03\/1-2048x1166.jpg 2048w\" data-sizes=\"(max-width: 1024px) 100vw, 1024px\" src=\"data:image\/svg+xml;base64,PHN2ZyB3aWR0aD0iMSIgaGVpZ2h0PSIxIiB4bWxucz0iaHR0cDovL3d3dy53My5vcmcvMjAwMC9zdmciPjwvc3ZnPg==\" style=\"--smush-placeholder-width: 1024px; --smush-placeholder-aspect-ratio: 1024\/583;\" \/><\/figure>\n<\/div>\n\n<div class=\"wp-block-image\">\n<figure class=\"aligncenter size-large\"><img decoding=\"async\" width=\"1024\" height=\"680\" data-src=\"https:\/\/parafia-jezowsudecki.pl\/wp-content\/uploads\/2023\/03\/DSC_0001-1024x680.jpg\" alt=\"\" class=\"wp-image-861 lazyload\" data-srcset=\"https:\/\/parafia-jezowsudecki.pl\/wp-content\/uploads\/2023\/03\/DSC_0001-1024x680.jpg 1024w, https:\/\/parafia-jezowsudecki.pl\/wp-content\/uploads\/2023\/03\/DSC_0001-300x199.jpg 300w, https:\/\/parafia-jezowsudecki.pl\/wp-content\/uploads\/2023\/03\/DSC_0001-768x510.jpg 768w, https:\/\/parafia-jezowsudecki.pl\/wp-content\/uploads\/2023\/03\/DSC_0001-1536x1020.jpg 1536w, https:\/\/parafia-jezowsudecki.pl\/wp-content\/uploads\/2023\/03\/DSC_0001-2048x1360.jpg 2048w\" data-sizes=\"(max-width: 1024px) 100vw, 1024px\" src=\"data:image\/svg+xml;base64,PHN2ZyB3aWR0aD0iMSIgaGVpZ2h0PSIxIiB4bWxucz0iaHR0cDovL3d3dy53My5vcmcvMjAwMC9zdmciPjwvc3ZnPg==\" style=\"--smush-placeholder-width: 1024px; --smush-placeholder-aspect-ratio: 1024\/680;\" \/><\/figure>\n<\/div>","protected":false},"excerpt":{"rendered":"","protected":false},"author":1,"featured_media":0,"parent":0,"menu_order":0,"comment_status":"closed","ping_status":"closed","template":"","meta":{"_sitemap_exclude":false,"_sitemap_priority":"","_sitemap_frequency":"","_monsterinsights_skip_tracking":false,"_monsterinsights_sitenote_active":false,"_monsterinsights_sitenote_note":"","_monsterinsights_sitenote_category":0,"_uf_show_specific_survey":0,"_uf_disable_surveys":false,"neve_meta_sidebar":"","neve_meta_container":"","neve_meta_enable_content_width":"on","neve_meta_content_width":100,"neve_meta_title_alignment":"","neve_meta_author_avatar":"","neve_post_elements_order":"","neve_meta_disable_header":"","neve_meta_disable_footer":"","neve_meta_disable_title":"on","_themeisle_gutenberg_block_has_review":false,"footnotes":""},"class_list":["post-9","page","type-page","status-publish","hentry"],"aioseo_notices":[],"yoast_head":"<!-- This site is optimized with the Yoast SEO plugin v27.4 - https:\/\/yoast.com\/product\/yoast-seo-wordpress\/ -->\n<title>Kontakt - PARAFIA \u015aW. MICHA\u0141A ARCHANIO\u0141A W JE\u017bOWIE SUDECKIM<\/title>\n<meta name=\"description\" content=\"Telefon: +48 75 713 22 53\" \/>\n<meta name=\"robots\" content=\"index, follow, max-snippet:-1, max-image-preview:large, max-video-preview:-1\" \/>\n<link rel=\"canonical\" href=\"https:\/\/parafia-jezowsudecki.pl\/index.php\/contact\/\" \/>\n<meta property=\"og:locale\" content=\"pl_PL\" \/>\n<meta property=\"og:type\" content=\"article\" \/>\n<meta property=\"og:title\" content=\"Kontakt - PARAFIA \u015aW. MICHA\u0141A ARCHANIO\u0141A W JE\u017bOWIE SUDECKIM\" \/>\n<meta property=\"og:description\" content=\"Telefon: +48 75 713 22 53\" \/>\n<meta property=\"og:url\" content=\"https:\/\/parafia-jezowsudecki.pl\/index.php\/contact\/\" \/>\n<meta property=\"og:site_name\" content=\"PARAFIA \u015aW. MICHA\u0141A ARCHANIO\u0141A W JE\u017bOWIE SUDECKIM\" \/>\n<meta property=\"article:modified_time\" content=\"2023-03-12T22:07:56+00:00\" \/>\n<meta property=\"og:image\" content=\"http:\/\/azrxgei.cluster030.hosting.ovh.net\/wp-content\/themes\/neve\/assets\/img\/starter-content\/icon-05.svg\" \/>\n<meta name=\"twitter:card\" content=\"summary_large_image\" \/>\n<meta name=\"twitter:label1\" content=\"Szacowany czas czytania\" \/>\n\t<meta name=\"twitter:data1\" content=\"2 minuty\" \/>\n<script type=\"application\/ld+json\" class=\"yoast-schema-graph\">{\"@context\":\"https:\\\/\\\/schema.org\",\"@graph\":[{\"@type\":\"WebPage\",\"@id\":\"https:\\\/\\\/parafia-jezowsudecki.pl\\\/index.php\\\/contact\\\/\",\"url\":\"https:\\\/\\\/parafia-jezowsudecki.pl\\\/index.php\\\/contact\\\/\",\"name\":\"Kontakt - PARAFIA \u015aW. MICHA\u0141A ARCHANIO\u0141A W JE\u017bOWIE SUDECKIM\",\"isPartOf\":{\"@id\":\"https:\\\/\\\/parafia-jezowsudecki.pl\\\/#website\"},\"primaryImageOfPage\":{\"@id\":\"https:\\\/\\\/parafia-jezowsudecki.pl\\\/index.php\\\/contact\\\/#primaryimage\"},\"image\":{\"@id\":\"https:\\\/\\\/parafia-jezowsudecki.pl\\\/index.php\\\/contact\\\/#primaryimage\"},\"thumbnailUrl\":\"http:\\\/\\\/azrxgei.cluster030.hosting.ovh.net\\\/wp-content\\\/themes\\\/neve\\\/assets\\\/img\\\/starter-content\\\/icon-05.svg\",\"datePublished\":\"2022-06-12T17:08:53+00:00\",\"dateModified\":\"2023-03-12T22:07:56+00:00\",\"description\":\"Telefon: +48 75 713 22 53\",\"breadcrumb\":{\"@id\":\"https:\\\/\\\/parafia-jezowsudecki.pl\\\/index.php\\\/contact\\\/#breadcrumb\"},\"inLanguage\":\"pl-PL\",\"potentialAction\":[{\"@type\":\"ReadAction\",\"target\":[\"https:\\\/\\\/parafia-jezowsudecki.pl\\\/index.php\\\/contact\\\/\"]}]},{\"@type\":\"ImageObject\",\"inLanguage\":\"pl-PL\",\"@id\":\"https:\\\/\\\/parafia-jezowsudecki.pl\\\/index.php\\\/contact\\\/#primaryimage\",\"url\":\"http:\\\/\\\/azrxgei.cluster030.hosting.ovh.net\\\/wp-content\\\/themes\\\/neve\\\/assets\\\/img\\\/starter-content\\\/icon-05.svg\",\"contentUrl\":\"http:\\\/\\\/azrxgei.cluster030.hosting.ovh.net\\\/wp-content\\\/themes\\\/neve\\\/assets\\\/img\\\/starter-content\\\/icon-05.svg\"},{\"@type\":\"BreadcrumbList\",\"@id\":\"https:\\\/\\\/parafia-jezowsudecki.pl\\\/index.php\\\/contact\\\/#breadcrumb\",\"itemListElement\":[{\"@type\":\"ListItem\",\"position\":1,\"name\":\"Strona g\u0142\u00f3wna\",\"item\":\"https:\\\/\\\/parafia-jezowsudecki.pl\\\/\"},{\"@type\":\"ListItem\",\"position\":2,\"name\":\"Kontakt\"}]},{\"@type\":\"WebSite\",\"@id\":\"https:\\\/\\\/parafia-jezowsudecki.pl\\\/#website\",\"url\":\"https:\\\/\\\/parafia-jezowsudecki.pl\\\/\",\"name\":\"PARAFIA \u015aW. MICHA\u0141A ARCHANIO\u0141A W JE\u017bOWIE SUDECKIM\",\"description\":\"Msze \u015awi\u0119te: NIEDZIELE: ko\u015bci\u00f3\u0142 \u015bw. Stanis\u0142awa: 8.00, 10.00, 12.00; ko\u015bci\u00f3\u0142 \u015bw. Micha\u0142a Archanio\u0142a: 17.00. DNI POWSZEDNIE: ko\u015bci\u00f3\u0142 \u015bw. Stanis\u0142awa: 17.50\",\"publisher\":{\"@id\":\"https:\\\/\\\/parafia-jezowsudecki.pl\\\/#organization\"},\"potentialAction\":[{\"@type\":\"SearchAction\",\"target\":{\"@type\":\"EntryPoint\",\"urlTemplate\":\"https:\\\/\\\/parafia-jezowsudecki.pl\\\/?s={search_term_string}\"},\"query-input\":{\"@type\":\"PropertyValueSpecification\",\"valueRequired\":true,\"valueName\":\"search_term_string\"}}],\"inLanguage\":\"pl-PL\"},{\"@type\":\"Organization\",\"@id\":\"https:\\\/\\\/parafia-jezowsudecki.pl\\\/#organization\",\"name\":\"Parafia \u015aw. Micha\u0142a Archanio\u0142a w Je\u017cowie Sudeckim\",\"url\":\"https:\\\/\\\/parafia-jezowsudecki.pl\\\/\",\"logo\":{\"@type\":\"ImageObject\",\"inLanguage\":\"pl-PL\",\"@id\":\"https:\\\/\\\/parafia-jezowsudecki.pl\\\/#\\\/schema\\\/logo\\\/image\\\/\",\"url\":\"https:\\\/\\\/parafia-jezowsudecki.pl\\\/wp-content\\\/uploads\\\/2022\\\/06\\\/image.png\",\"contentUrl\":\"https:\\\/\\\/parafia-jezowsudecki.pl\\\/wp-content\\\/uploads\\\/2022\\\/06\\\/image.png\",\"width\":1165,\"height\":803,\"caption\":\"Parafia \u015aw. Micha\u0142a Archanio\u0142a w Je\u017cowie Sudeckim\"},\"image\":{\"@id\":\"https:\\\/\\\/parafia-jezowsudecki.pl\\\/#\\\/schema\\\/logo\\\/image\\\/\"}}]}<\/script>\n<!-- \/ Yoast SEO plugin. -->","yoast_head_json":{"title":"Kontakt - PARAFIA \u015aW. MICHA\u0141A ARCHANIO\u0141A W JE\u017bOWIE SUDECKIM","description":"Telefon: +48 75 713 22 53","robots":{"index":"index","follow":"follow","max-snippet":"max-snippet:-1","max-image-preview":"max-image-preview:large","max-video-preview":"max-video-preview:-1"},"canonical":"https:\/\/parafia-jezowsudecki.pl\/index.php\/contact\/","og_locale":"pl_PL","og_type":"article","og_title":"Kontakt - PARAFIA \u015aW. MICHA\u0141A ARCHANIO\u0141A W JE\u017bOWIE SUDECKIM","og_description":"Telefon: +48 75 713 22 53","og_url":"https:\/\/parafia-jezowsudecki.pl\/index.php\/contact\/","og_site_name":"PARAFIA \u015aW. MICHA\u0141A ARCHANIO\u0141A W JE\u017bOWIE SUDECKIM","article_modified_time":"2023-03-12T22:07:56+00:00","og_image":[{"url":"http:\/\/azrxgei.cluster030.hosting.ovh.net\/wp-content\/themes\/neve\/assets\/img\/starter-content\/icon-05.svg","type":"","width":"","height":""}],"twitter_card":"summary_large_image","twitter_misc":{"Szacowany czas czytania":"2 minuty"},"schema":{"@context":"https:\/\/schema.org","@graph":[{"@type":"WebPage","@id":"https:\/\/parafia-jezowsudecki.pl\/index.php\/contact\/","url":"https:\/\/parafia-jezowsudecki.pl\/index.php\/contact\/","name":"Kontakt - PARAFIA \u015aW. MICHA\u0141A ARCHANIO\u0141A W JE\u017bOWIE SUDECKIM","isPartOf":{"@id":"https:\/\/parafia-jezowsudecki.pl\/#website"},"primaryImageOfPage":{"@id":"https:\/\/parafia-jezowsudecki.pl\/index.php\/contact\/#primaryimage"},"image":{"@id":"https:\/\/parafia-jezowsudecki.pl\/index.php\/contact\/#primaryimage"},"thumbnailUrl":"http:\/\/azrxgei.cluster030.hosting.ovh.net\/wp-content\/themes\/neve\/assets\/img\/starter-content\/icon-05.svg","datePublished":"2022-06-12T17:08:53+00:00","dateModified":"2023-03-12T22:07:56+00:00","description":"Telefon: +48 75 713 22 53","breadcrumb":{"@id":"https:\/\/parafia-jezowsudecki.pl\/index.php\/contact\/#breadcrumb"},"inLanguage":"pl-PL","potentialAction":[{"@type":"ReadAction","target":["https:\/\/parafia-jezowsudecki.pl\/index.php\/contact\/"]}]},{"@type":"ImageObject","inLanguage":"pl-PL","@id":"https:\/\/parafia-jezowsudecki.pl\/index.php\/contact\/#primaryimage","url":"http:\/\/azrxgei.cluster030.hosting.ovh.net\/wp-content\/themes\/neve\/assets\/img\/starter-content\/icon-05.svg","contentUrl":"http:\/\/azrxgei.cluster030.hosting.ovh.net\/wp-content\/themes\/neve\/assets\/img\/starter-content\/icon-05.svg"},{"@type":"BreadcrumbList","@id":"https:\/\/parafia-jezowsudecki.pl\/index.php\/contact\/#breadcrumb","itemListElement":[{"@type":"ListItem","position":1,"name":"Strona g\u0142\u00f3wna","item":"https:\/\/parafia-jezowsudecki.pl\/"},{"@type":"ListItem","position":2,"name":"Kontakt"}]},{"@type":"WebSite","@id":"https:\/\/parafia-jezowsudecki.pl\/#website","url":"https:\/\/parafia-jezowsudecki.pl\/","name":"PARAFIA \u015aW. MICHA\u0141A ARCHANIO\u0141A W JE\u017bOWIE SUDECKIM","description":"Msze \u015awi\u0119te: NIEDZIELE: ko\u015bci\u00f3\u0142 \u015bw. Stanis\u0142awa: 8.00, 10.00, 12.00; ko\u015bci\u00f3\u0142 \u015bw. Micha\u0142a Archanio\u0142a: 17.00. DNI POWSZEDNIE: ko\u015bci\u00f3\u0142 \u015bw. Stanis\u0142awa: 17.50","publisher":{"@id":"https:\/\/parafia-jezowsudecki.pl\/#organization"},"potentialAction":[{"@type":"SearchAction","target":{"@type":"EntryPoint","urlTemplate":"https:\/\/parafia-jezowsudecki.pl\/?s={search_term_string}"},"query-input":{"@type":"PropertyValueSpecification","valueRequired":true,"valueName":"search_term_string"}}],"inLanguage":"pl-PL"},{"@type":"Organization","@id":"https:\/\/parafia-jezowsudecki.pl\/#organization","name":"Parafia \u015aw. Micha\u0142a Archanio\u0142a w Je\u017cowie Sudeckim","url":"https:\/\/parafia-jezowsudecki.pl\/","logo":{"@type":"ImageObject","inLanguage":"pl-PL","@id":"https:\/\/parafia-jezowsudecki.pl\/#\/schema\/logo\/image\/","url":"https:\/\/parafia-jezowsudecki.pl\/wp-content\/uploads\/2022\/06\/image.png","contentUrl":"https:\/\/parafia-jezowsudecki.pl\/wp-content\/uploads\/2022\/06\/image.png","width":1165,"height":803,"caption":"Parafia \u015aw. Micha\u0142a Archanio\u0142a w Je\u017cowie Sudeckim"},"image":{"@id":"https:\/\/parafia-jezowsudecki.pl\/#\/schema\/logo\/image\/"}}]}},"_links":{"self":[{"href":"https:\/\/parafia-jezowsudecki.pl\/index.php\/wp-json\/wp\/v2\/pages\/9","targetHints":{"allow":["GET"]}}],"collection":[{"href":"https:\/\/parafia-jezowsudecki.pl\/index.php\/wp-json\/wp\/v2\/pages"}],"about":[{"href":"https:\/\/parafia-jezowsudecki.pl\/index.php\/wp-json\/wp\/v2\/types\/page"}],"author":[{"embeddable":true,"href":"https:\/\/parafia-jezowsudecki.pl\/index.php\/wp-json\/wp\/v2\/users\/1"}],"replies":[{"embeddable":true,"href":"https:\/\/parafia-jezowsudecki.pl\/index.php\/wp-json\/wp\/v2\/comments?post=9"}],"version-history":[{"count":13,"href":"https:\/\/parafia-jezowsudecki.pl\/index.php\/wp-json\/wp\/v2\/pages\/9\/revisions"}],"predecessor-version":[{"id":862,"href":"https:\/\/parafia-jezowsudecki.pl\/index.php\/wp-json\/wp\/v2\/pages\/9\/revisions\/862"}],"wp:attachment":[{"href":"https:\/\/parafia-jezowsudecki.pl\/index.php\/wp-json\/wp\/v2\/media?parent=9"}],"curies":[{"name":"wp","href":"https:\/\/api.w.org\/{rel}","templated":true}]}}