{"id":1368,"date":"2024-03-10T23:16:32","date_gmt":"2024-03-10T22:16:32","guid":{"rendered":"https:\/\/parafia-jezowsudecki.pl\/?page_id=1368"},"modified":"2024-03-17T11:46:49","modified_gmt":"2024-03-17T10:46:49","slug":"liturgiczna-sluzba-oltarza","status":"publish","type":"page","link":"https:\/\/parafia-jezowsudecki.pl\/index.php\/liturgiczna-sluzba-oltarza\/","title":{"rendered":"Liturgiczna S\u0142u\u017cba O\u0142tarza"},"content":{"rendered":"<div class=\"wp-block-image\">\n<figure class=\"aligncenter size-full\"><img decoding=\"async\" width=\"229\" height=\"300\" data-src=\"https:\/\/parafia-jezowsudecki.pl\/wp-content\/uploads\/2024\/03\/logo-ministranci-229x300-1.jpg\" alt=\"\" class=\"wp-image-1369 lazyload\" src=\"data:image\/svg+xml;base64,PHN2ZyB3aWR0aD0iMSIgaGVpZ2h0PSIxIiB4bWxucz0iaHR0cDovL3d3dy53My5vcmcvMjAwMC9zdmciPjwvc3ZnPg==\" style=\"--smush-placeholder-width: 229px; --smush-placeholder-aspect-ratio: 229\/300;\" \/><\/figure>\n<\/div>\n\n\n<p class=\"has-text-align-center\"><strong>Zasady ministranta<\/strong><\/p>\n\n\n\n<ol class=\"wp-block-list\">\n<li>Ministrant kocha Boga i dla Jego chwa\u0142y wzorowo spe\u0142nia swe obowi\u0105zki s\u0142u\u017cby o\u0142tarza.<\/li>\n\n\n\n<li>Ministrant s\u0142u\u017cy Chrystusowi Panu w ludziach.<\/li>\n\n\n\n<li>Ministrant rozwija w sobie Bo\u017ce \u017cycie.<\/li>\n\n\n\n<li>Ministrant pracuje nad swoim charakterem i czuwa nad czysto\u015bci\u0105 serca i duszy.<\/li>\n\n\n\n<li>Ministrant poznaje Liturgi\u0119 i \u017cyje ni\u0105.<\/li>\n\n\n\n<li>Ministrant modli si\u0119 za ojczyzn\u0119 i s\u0142u\u017cy jej rzeteln\u0105 prac\u0105.<\/li>\n\n\n\n<li>Ministrant jest dobrym synem i bratem.<\/li>\n\n\n\n<li>Ministrant swoj\u0105 chrze\u015bcija\u0144sk\u0105 postaw\u0105 wnosi wsz\u0119dzie prawdziw\u0105 rado\u015b\u0107.<\/li>\n\n\n\n<li>Ministrant przez swoj\u0105 pilno\u015b\u0107 i sumienno\u015b\u0107 staje si\u0119 przyk\u0142adem dla innych.<\/li>\n\n\n\n<li>Ministrant podobnie jak kap\u0142an stara si\u0119 by\u0107 nie jako drugim Chrystusem.<\/li>\n<\/ol>\n\n\n\n<hr class=\"wp-block-separator has-alpha-channel-opacity\"\/>\n\n\n\n<hr class=\"wp-block-separator has-alpha-channel-opacity\"\/>\n\n\n\n<div class=\"wp-block-query is-layout-flow wp-block-query-is-layout-flow\"><ul class=\"wp-block-post-template is-layout-flow wp-block-post-template-is-layout-flow\"><li class=\"wp-block-post post-1347 post type-post status-publish format-standard has-post-thumbnail hentry category-lso\">\n<h2 class=\"has-text-align-center wp-block-post-title\"><a href=\"https:\/\/parafia-jezowsudecki.pl\/index.php\/2024\/03\/10\/przyjecie-slubowania-nowych-ministrantow-galeria\/\" target=\"_self\" >Przyj\u0119cie nowych ministrant\u00f3w 2024<\/a><\/h2>\n\n<div class=\"entry-content wp-block-post-content is-layout-flow wp-block-post-content-is-layout-flow\">\n<p>Podczas Mszy \u015awi\u0119tej w\u00a0niedziel\u0119 10 marca 2024r  do\u00a0grona ministrant\u00f3w w naszej parafii przyj\u0119tych zosta\u0142o 3 ch\u0142opc\u00f3w: Wiktor, Franek i Wojtek. Kandydaci sumiennie uczestniczyli w\u00a0przygotowaniu si\u0119 do\u00a0pe\u0142nienia tej\u00a0pos\u0142ugi, zostali pouczeni o\u00a0wielkiej godno\u015bci ministranta i\u00a0jego obowi\u0105zkach oraz\u00a0potwierdzili swoj\u0105 gotowo\u015b\u0107 i\u00a0pragnienie s\u0142u\u017cenia przy o\u0142tarzu. W trakcie uroczysto\u015bci z\u0142o\u017cyli swoje \u015blubowanie, a na znak przyj\u0119cia do\u00a0grona ministrant\u00f3w ch\u0142opcy na\u0142o\u017cyli bia\u0142e kom\u017ce oraz ko\u0142nierzyki.  Nowym ministrantom gratulujemy przyj\u0119cia do\u00a0grona s\u0142u\u017cby liturgicznej i\u00a0\u017cyczymy gorliwo\u015bci w\u00a0pos\u0142ugiwaniu przy o\u0142tarzu.<\/p>\n\n\n\n<figure class=\"wp-block-gallery has-nested-images columns-default is-cropped wp-block-gallery-1 is-layout-flex wp-block-gallery-is-layout-flex\">\n<figure class=\"wp-block-image size-large\"><a href=\"https:\/\/parafia-jezowsudecki.pl\/wp-content\/uploads\/2024\/03\/IMG_8673-scaled.jpeg\" target=\"_blank\" rel=\"noreferrer noopener\"><img decoding=\"async\" width=\"1024\" height=\"768\" data-id=\"1352\" data-src=\"https:\/\/parafia-jezowsudecki.pl\/wp-content\/uploads\/2024\/03\/IMG_8673-1024x768.jpeg\" alt=\"\" class=\"wp-image-1352 lazyload\" data-srcset=\"https:\/\/parafia-jezowsudecki.pl\/wp-content\/uploads\/2024\/03\/IMG_8673-1024x768.jpeg 1024w, https:\/\/parafia-jezowsudecki.pl\/wp-content\/uploads\/2024\/03\/IMG_8673-300x225.jpeg 300w, https:\/\/parafia-jezowsudecki.pl\/wp-content\/uploads\/2024\/03\/IMG_8673-768x576.jpeg 768w, https:\/\/parafia-jezowsudecki.pl\/wp-content\/uploads\/2024\/03\/IMG_8673-1536x1152.jpeg 1536w, https:\/\/parafia-jezowsudecki.pl\/wp-content\/uploads\/2024\/03\/IMG_8673-2048x1536.jpeg 2048w\" data-sizes=\"(max-width: 1024px) 100vw, 1024px\" src=\"data:image\/svg+xml;base64,PHN2ZyB3aWR0aD0iMSIgaGVpZ2h0PSIxIiB4bWxucz0iaHR0cDovL3d3dy53My5vcmcvMjAwMC9zdmciPjwvc3ZnPg==\" style=\"--smush-placeholder-width: 1024px; --smush-placeholder-aspect-ratio: 1024\/768;\" \/><\/a><\/figure>\n\n\n\n<figure class=\"wp-block-image size-large\"><a href=\"https:\/\/parafia-jezowsudecki.pl\/wp-content\/uploads\/2024\/03\/IMG_8681-scaled.jpeg\" target=\"_blank\" rel=\"noreferrer noopener\"><img decoding=\"async\" width=\"1024\" height=\"576\" data-id=\"1350\" data-src=\"https:\/\/parafia-jezowsudecki.pl\/wp-content\/uploads\/2024\/03\/IMG_8681-1024x576.jpeg\" alt=\"\" class=\"wp-image-1350 lazyload\" data-srcset=\"https:\/\/parafia-jezowsudecki.pl\/wp-content\/uploads\/2024\/03\/IMG_8681-1024x576.jpeg 1024w, https:\/\/parafia-jezowsudecki.pl\/wp-content\/uploads\/2024\/03\/IMG_8681-300x169.jpeg 300w, https:\/\/parafia-jezowsudecki.pl\/wp-content\/uploads\/2024\/03\/IMG_8681-768x432.jpeg 768w, https:\/\/parafia-jezowsudecki.pl\/wp-content\/uploads\/2024\/03\/IMG_8681-1536x864.jpeg 1536w, https:\/\/parafia-jezowsudecki.pl\/wp-content\/uploads\/2024\/03\/IMG_8681-2048x1152.jpeg 2048w\" data-sizes=\"(max-width: 1024px) 100vw, 1024px\" src=\"data:image\/svg+xml;base64,PHN2ZyB3aWR0aD0iMSIgaGVpZ2h0PSIxIiB4bWxucz0iaHR0cDovL3d3dy53My5vcmcvMjAwMC9zdmciPjwvc3ZnPg==\" style=\"--smush-placeholder-width: 1024px; --smush-placeholder-aspect-ratio: 1024\/576;\" \/><\/a><\/figure>\n\n\n\n<figure class=\"wp-block-image size-large\"><a href=\"https:\/\/parafia-jezowsudecki.pl\/wp-content\/uploads\/2024\/03\/IMG_8686-1-scaled.jpeg\" target=\"_blank\" rel=\"noreferrer noopener\"><img decoding=\"async\" width=\"1024\" height=\"768\" data-id=\"1353\" data-src=\"https:\/\/parafia-jezowsudecki.pl\/wp-content\/uploads\/2024\/03\/IMG_8686-1-1024x768.jpeg\" alt=\"\" class=\"wp-image-1353 lazyload\" data-srcset=\"https:\/\/parafia-jezowsudecki.pl\/wp-content\/uploads\/2024\/03\/IMG_8686-1-1024x768.jpeg 1024w, https:\/\/parafia-jezowsudecki.pl\/wp-content\/uploads\/2024\/03\/IMG_8686-1-300x225.jpeg 300w, https:\/\/parafia-jezowsudecki.pl\/wp-content\/uploads\/2024\/03\/IMG_8686-1-768x576.jpeg 768w, https:\/\/parafia-jezowsudecki.pl\/wp-content\/uploads\/2024\/03\/IMG_8686-1-1536x1152.jpeg 1536w, https:\/\/parafia-jezowsudecki.pl\/wp-content\/uploads\/2024\/03\/IMG_8686-1-2048x1536.jpeg 2048w\" data-sizes=\"(max-width: 1024px) 100vw, 1024px\" src=\"data:image\/svg+xml;base64,PHN2ZyB3aWR0aD0iMSIgaGVpZ2h0PSIxIiB4bWxucz0iaHR0cDovL3d3dy53My5vcmcvMjAwMC9zdmciPjwvc3ZnPg==\" style=\"--smush-placeholder-width: 1024px; --smush-placeholder-aspect-ratio: 1024\/768;\" \/><\/a><\/figure>\n<\/figure>\n<\/div>\n\n<div class=\"has-text-align-center wp-block-post-date\"><time datetime=\"2024-03-10T20:01:31+01:00\">10 marca, 2024<\/time><\/div>\n\n\n<hr class=\"wp-block-separator has-css-opacity\"\/>\n\n<\/li><\/ul><\/div>\n","protected":false},"excerpt":{"rendered":"<p>Zasady ministranta<\/p>\n","protected":false},"author":1,"featured_media":0,"parent":0,"menu_order":0,"comment_status":"closed","ping_status":"closed","template":"","meta":{"_sitemap_exclude":false,"_sitemap_priority":"","_sitemap_frequency":"","_monsterinsights_skip_tracking":false,"_monsterinsights_sitenote_active":false,"_monsterinsights_sitenote_note":"","_monsterinsights_sitenote_category":0,"_uf_show_specific_survey":0,"_uf_disable_surveys":false,"neve_meta_sidebar":"","neve_meta_container":"","neve_meta_enable_content_width":"","neve_meta_content_width":0,"neve_meta_title_alignment":"","neve_meta_author_avatar":"","neve_post_elements_order":"","neve_meta_disable_header":"","neve_meta_disable_footer":"","neve_meta_disable_title":"","_themeisle_gutenberg_block_has_review":false,"footnotes":""},"class_list":["post-1368","page","type-page","status-publish","hentry"],"aioseo_notices":[],"yoast_head":"<!-- This site is optimized with the Yoast SEO plugin v27.4 - https:\/\/yoast.com\/product\/yoast-seo-wordpress\/ -->\n<title>Liturgiczna S\u0142u\u017cba O\u0142tarza - PARAFIA \u015aW. MICHA\u0141A ARCHANIO\u0141A W JE\u017bOWIE SUDECKIM<\/title>\n<meta name=\"robots\" content=\"index, follow, max-snippet:-1, max-image-preview:large, max-video-preview:-1\" \/>\n<link rel=\"canonical\" href=\"https:\/\/parafia-jezowsudecki.pl\/index.php\/liturgiczna-sluzba-oltarza\/\" \/>\n<meta property=\"og:locale\" content=\"pl_PL\" \/>\n<meta property=\"og:type\" content=\"article\" \/>\n<meta property=\"og:title\" content=\"Liturgiczna S\u0142u\u017cba O\u0142tarza - PARAFIA \u015aW. MICHA\u0141A ARCHANIO\u0141A W JE\u017bOWIE SUDECKIM\" \/>\n<meta property=\"og:description\" content=\"Zasady ministranta\" \/>\n<meta property=\"og:url\" content=\"https:\/\/parafia-jezowsudecki.pl\/index.php\/liturgiczna-sluzba-oltarza\/\" \/>\n<meta property=\"og:site_name\" content=\"PARAFIA \u015aW. MICHA\u0141A ARCHANIO\u0141A W JE\u017bOWIE SUDECKIM\" \/>\n<meta property=\"article:modified_time\" content=\"2024-03-17T10:46:49+00:00\" \/>\n<meta property=\"og:image\" content=\"https:\/\/parafia-jezowsudecki.pl\/wp-content\/uploads\/2024\/03\/logo-ministranci-229x300-1.jpg\" \/>\n<meta name=\"twitter:card\" content=\"summary_large_image\" \/>\n<meta name=\"twitter:label1\" content=\"Szacowany czas czytania\" \/>\n\t<meta name=\"twitter:data1\" content=\"1 minuta\" \/>\n<script type=\"application\/ld+json\" class=\"yoast-schema-graph\">{\"@context\":\"https:\\\/\\\/schema.org\",\"@graph\":[{\"@type\":\"WebPage\",\"@id\":\"https:\\\/\\\/parafia-jezowsudecki.pl\\\/index.php\\\/liturgiczna-sluzba-oltarza\\\/\",\"url\":\"https:\\\/\\\/parafia-jezowsudecki.pl\\\/index.php\\\/liturgiczna-sluzba-oltarza\\\/\",\"name\":\"Liturgiczna S\u0142u\u017cba O\u0142tarza - PARAFIA \u015aW. MICHA\u0141A ARCHANIO\u0141A W JE\u017bOWIE SUDECKIM\",\"isPartOf\":{\"@id\":\"https:\\\/\\\/parafia-jezowsudecki.pl\\\/#website\"},\"primaryImageOfPage\":{\"@id\":\"https:\\\/\\\/parafia-jezowsudecki.pl\\\/index.php\\\/liturgiczna-sluzba-oltarza\\\/#primaryimage\"},\"image\":{\"@id\":\"https:\\\/\\\/parafia-jezowsudecki.pl\\\/index.php\\\/liturgiczna-sluzba-oltarza\\\/#primaryimage\"},\"thumbnailUrl\":\"https:\\\/\\\/parafia-jezowsudecki.pl\\\/wp-content\\\/uploads\\\/2024\\\/03\\\/logo-ministranci-229x300-1.jpg\",\"datePublished\":\"2024-03-10T22:16:32+00:00\",\"dateModified\":\"2024-03-17T10:46:49+00:00\",\"breadcrumb\":{\"@id\":\"https:\\\/\\\/parafia-jezowsudecki.pl\\\/index.php\\\/liturgiczna-sluzba-oltarza\\\/#breadcrumb\"},\"inLanguage\":\"pl-PL\",\"potentialAction\":[{\"@type\":\"ReadAction\",\"target\":[\"https:\\\/\\\/parafia-jezowsudecki.pl\\\/index.php\\\/liturgiczna-sluzba-oltarza\\\/\"]}]},{\"@type\":\"ImageObject\",\"inLanguage\":\"pl-PL\",\"@id\":\"https:\\\/\\\/parafia-jezowsudecki.pl\\\/index.php\\\/liturgiczna-sluzba-oltarza\\\/#primaryimage\",\"url\":\"https:\\\/\\\/parafia-jezowsudecki.pl\\\/wp-content\\\/uploads\\\/2024\\\/03\\\/logo-ministranci-229x300-1.jpg\",\"contentUrl\":\"https:\\\/\\\/parafia-jezowsudecki.pl\\\/wp-content\\\/uploads\\\/2024\\\/03\\\/logo-ministranci-229x300-1.jpg\",\"width\":229,\"height\":300},{\"@type\":\"BreadcrumbList\",\"@id\":\"https:\\\/\\\/parafia-jezowsudecki.pl\\\/index.php\\\/liturgiczna-sluzba-oltarza\\\/#breadcrumb\",\"itemListElement\":[{\"@type\":\"ListItem\",\"position\":1,\"name\":\"Strona g\u0142\u00f3wna\",\"item\":\"https:\\\/\\\/parafia-jezowsudecki.pl\\\/\"},{\"@type\":\"ListItem\",\"position\":2,\"name\":\"Liturgiczna S\u0142u\u017cba O\u0142tarza\"}]},{\"@type\":\"WebSite\",\"@id\":\"https:\\\/\\\/parafia-jezowsudecki.pl\\\/#website\",\"url\":\"https:\\\/\\\/parafia-jezowsudecki.pl\\\/\",\"name\":\"PARAFIA \u015aW. MICHA\u0141A ARCHANIO\u0141A W JE\u017bOWIE SUDECKIM\",\"description\":\"Msze \u015awi\u0119te: NIEDZIELE: ko\u015bci\u00f3\u0142 \u015bw. Stanis\u0142awa: 8.00, 10.00, 12.00; ko\u015bci\u00f3\u0142 \u015bw. Micha\u0142a Archanio\u0142a: 17.00. DNI POWSZEDNIE: ko\u015bci\u00f3\u0142 \u015bw. Stanis\u0142awa: 17.50\",\"publisher\":{\"@id\":\"https:\\\/\\\/parafia-jezowsudecki.pl\\\/#organization\"},\"potentialAction\":[{\"@type\":\"SearchAction\",\"target\":{\"@type\":\"EntryPoint\",\"urlTemplate\":\"https:\\\/\\\/parafia-jezowsudecki.pl\\\/?s={search_term_string}\"},\"query-input\":{\"@type\":\"PropertyValueSpecification\",\"valueRequired\":true,\"valueName\":\"search_term_string\"}}],\"inLanguage\":\"pl-PL\"},{\"@type\":\"Organization\",\"@id\":\"https:\\\/\\\/parafia-jezowsudecki.pl\\\/#organization\",\"name\":\"Parafia \u015aw. Micha\u0142a Archanio\u0142a w Je\u017cowie Sudeckim\",\"url\":\"https:\\\/\\\/parafia-jezowsudecki.pl\\\/\",\"logo\":{\"@type\":\"ImageObject\",\"inLanguage\":\"pl-PL\",\"@id\":\"https:\\\/\\\/parafia-jezowsudecki.pl\\\/#\\\/schema\\\/logo\\\/image\\\/\",\"url\":\"https:\\\/\\\/parafia-jezowsudecki.pl\\\/wp-content\\\/uploads\\\/2022\\\/06\\\/image.png\",\"contentUrl\":\"https:\\\/\\\/parafia-jezowsudecki.pl\\\/wp-content\\\/uploads\\\/2022\\\/06\\\/image.png\",\"width\":1165,\"height\":803,\"caption\":\"Parafia \u015aw. Micha\u0142a Archanio\u0142a w Je\u017cowie Sudeckim\"},\"image\":{\"@id\":\"https:\\\/\\\/parafia-jezowsudecki.pl\\\/#\\\/schema\\\/logo\\\/image\\\/\"}}]}<\/script>\n<!-- \/ Yoast SEO plugin. -->","yoast_head_json":{"title":"Liturgiczna S\u0142u\u017cba O\u0142tarza - PARAFIA \u015aW. MICHA\u0141A ARCHANIO\u0141A W JE\u017bOWIE SUDECKIM","robots":{"index":"index","follow":"follow","max-snippet":"max-snippet:-1","max-image-preview":"max-image-preview:large","max-video-preview":"max-video-preview:-1"},"canonical":"https:\/\/parafia-jezowsudecki.pl\/index.php\/liturgiczna-sluzba-oltarza\/","og_locale":"pl_PL","og_type":"article","og_title":"Liturgiczna S\u0142u\u017cba O\u0142tarza - PARAFIA \u015aW. MICHA\u0141A ARCHANIO\u0141A W JE\u017bOWIE SUDECKIM","og_description":"Zasady ministranta","og_url":"https:\/\/parafia-jezowsudecki.pl\/index.php\/liturgiczna-sluzba-oltarza\/","og_site_name":"PARAFIA \u015aW. MICHA\u0141A ARCHANIO\u0141A W JE\u017bOWIE SUDECKIM","article_modified_time":"2024-03-17T10:46:49+00:00","og_image":[{"url":"https:\/\/parafia-jezowsudecki.pl\/wp-content\/uploads\/2024\/03\/logo-ministranci-229x300-1.jpg","type":"","width":"","height":""}],"twitter_card":"summary_large_image","twitter_misc":{"Szacowany czas czytania":"1 minuta"},"schema":{"@context":"https:\/\/schema.org","@graph":[{"@type":"WebPage","@id":"https:\/\/parafia-jezowsudecki.pl\/index.php\/liturgiczna-sluzba-oltarza\/","url":"https:\/\/parafia-jezowsudecki.pl\/index.php\/liturgiczna-sluzba-oltarza\/","name":"Liturgiczna S\u0142u\u017cba O\u0142tarza - PARAFIA \u015aW. MICHA\u0141A ARCHANIO\u0141A W JE\u017bOWIE SUDECKIM","isPartOf":{"@id":"https:\/\/parafia-jezowsudecki.pl\/#website"},"primaryImageOfPage":{"@id":"https:\/\/parafia-jezowsudecki.pl\/index.php\/liturgiczna-sluzba-oltarza\/#primaryimage"},"image":{"@id":"https:\/\/parafia-jezowsudecki.pl\/index.php\/liturgiczna-sluzba-oltarza\/#primaryimage"},"thumbnailUrl":"https:\/\/parafia-jezowsudecki.pl\/wp-content\/uploads\/2024\/03\/logo-ministranci-229x300-1.jpg","datePublished":"2024-03-10T22:16:32+00:00","dateModified":"2024-03-17T10:46:49+00:00","breadcrumb":{"@id":"https:\/\/parafia-jezowsudecki.pl\/index.php\/liturgiczna-sluzba-oltarza\/#breadcrumb"},"inLanguage":"pl-PL","potentialAction":[{"@type":"ReadAction","target":["https:\/\/parafia-jezowsudecki.pl\/index.php\/liturgiczna-sluzba-oltarza\/"]}]},{"@type":"ImageObject","inLanguage":"pl-PL","@id":"https:\/\/parafia-jezowsudecki.pl\/index.php\/liturgiczna-sluzba-oltarza\/#primaryimage","url":"https:\/\/parafia-jezowsudecki.pl\/wp-content\/uploads\/2024\/03\/logo-ministranci-229x300-1.jpg","contentUrl":"https:\/\/parafia-jezowsudecki.pl\/wp-content\/uploads\/2024\/03\/logo-ministranci-229x300-1.jpg","width":229,"height":300},{"@type":"BreadcrumbList","@id":"https:\/\/parafia-jezowsudecki.pl\/index.php\/liturgiczna-sluzba-oltarza\/#breadcrumb","itemListElement":[{"@type":"ListItem","position":1,"name":"Strona g\u0142\u00f3wna","item":"https:\/\/parafia-jezowsudecki.pl\/"},{"@type":"ListItem","position":2,"name":"Liturgiczna S\u0142u\u017cba O\u0142tarza"}]},{"@type":"WebSite","@id":"https:\/\/parafia-jezowsudecki.pl\/#website","url":"https:\/\/parafia-jezowsudecki.pl\/","name":"PARAFIA \u015aW. MICHA\u0141A ARCHANIO\u0141A W JE\u017bOWIE SUDECKIM","description":"Msze \u015awi\u0119te: NIEDZIELE: ko\u015bci\u00f3\u0142 \u015bw. Stanis\u0142awa: 8.00, 10.00, 12.00; ko\u015bci\u00f3\u0142 \u015bw. Micha\u0142a Archanio\u0142a: 17.00. DNI POWSZEDNIE: ko\u015bci\u00f3\u0142 \u015bw. Stanis\u0142awa: 17.50","publisher":{"@id":"https:\/\/parafia-jezowsudecki.pl\/#organization"},"potentialAction":[{"@type":"SearchAction","target":{"@type":"EntryPoint","urlTemplate":"https:\/\/parafia-jezowsudecki.pl\/?s={search_term_string}"},"query-input":{"@type":"PropertyValueSpecification","valueRequired":true,"valueName":"search_term_string"}}],"inLanguage":"pl-PL"},{"@type":"Organization","@id":"https:\/\/parafia-jezowsudecki.pl\/#organization","name":"Parafia \u015aw. Micha\u0142a Archanio\u0142a w Je\u017cowie Sudeckim","url":"https:\/\/parafia-jezowsudecki.pl\/","logo":{"@type":"ImageObject","inLanguage":"pl-PL","@id":"https:\/\/parafia-jezowsudecki.pl\/#\/schema\/logo\/image\/","url":"https:\/\/parafia-jezowsudecki.pl\/wp-content\/uploads\/2022\/06\/image.png","contentUrl":"https:\/\/parafia-jezowsudecki.pl\/wp-content\/uploads\/2022\/06\/image.png","width":1165,"height":803,"caption":"Parafia \u015aw. Micha\u0142a Archanio\u0142a w Je\u017cowie Sudeckim"},"image":{"@id":"https:\/\/parafia-jezowsudecki.pl\/#\/schema\/logo\/image\/"}}]}},"_links":{"self":[{"href":"https:\/\/parafia-jezowsudecki.pl\/index.php\/wp-json\/wp\/v2\/pages\/1368","targetHints":{"allow":["GET"]}}],"collection":[{"href":"https:\/\/parafia-jezowsudecki.pl\/index.php\/wp-json\/wp\/v2\/pages"}],"about":[{"href":"https:\/\/parafia-jezowsudecki.pl\/index.php\/wp-json\/wp\/v2\/types\/page"}],"author":[{"embeddable":true,"href":"https:\/\/parafia-jezowsudecki.pl\/index.php\/wp-json\/wp\/v2\/users\/1"}],"replies":[{"embeddable":true,"href":"https:\/\/parafia-jezowsudecki.pl\/index.php\/wp-json\/wp\/v2\/comments?post=1368"}],"version-history":[{"count":9,"href":"https:\/\/parafia-jezowsudecki.pl\/index.php\/wp-json\/wp\/v2\/pages\/1368\/revisions"}],"predecessor-version":[{"id":1402,"href":"https:\/\/parafia-jezowsudecki.pl\/index.php\/wp-json\/wp\/v2\/pages\/1368\/revisions\/1402"}],"wp:attachment":[{"href":"https:\/\/parafia-jezowsudecki.pl\/index.php\/wp-json\/wp\/v2\/media?parent=1368"}],"curies":[{"name":"wp","href":"https:\/\/api.w.org\/{rel}","templated":true}]}}